{"id":5399,"date":"2024-11-21T09:13:20","date_gmt":"2024-11-21T09:13:20","guid":{"rendered":"https:\/\/premiumburotic.fr\/?page_id=5399"},"modified":"2024-12-16T17:28:35","modified_gmt":"2024-12-16T17:28:35","slug":"bureautique","status":"publish","type":"page","link":"https:\/\/premiumburotic.fr\/index.php\/bureautique\/","title":{"rendered":"Solutions d&#8217;impressions"},"content":{"rendered":"\t\t<div data-elementor-type=\"wp-page\" data-elementor-id=\"5399\" class=\"elementor elementor-5399\" data-elementor-post-type=\"page\">\n\t\t\t\t        <section class=\"elementor-section elementor-top-section elementor-element elementor-element-ca7dc41 elementor-section-boxed elementor-section-height-default elementor-section-height-default ct-header-fixed-none ct-row-max-none\" data-id=\"ca7dc41\" data-element_type=\"section\">\n            \n                        <div class=\"elementor-container elementor-column-gap-default \">\n                    <div class=\"elementor-column elementor-col-100 elementor-top-column elementor-element elementor-element-121f81d\" data-id=\"121f81d\" data-element_type=\"column\">\n        <div class=\"elementor-widget-wrap elementor-element-populated\">\n                    \n                <section class=\"elementor-section elementor-inner-section elementor-element elementor-element-35a059d elementor-section-boxed elementor-section-height-default elementor-section-height-default ct-header-fixed-none ct-row-max-none\" data-id=\"35a059d\" data-element_type=\"section\">\n            \n                        <div class=\"elementor-container elementor-column-gap-extended \">\n                    <div class=\"elementor-column elementor-col-50 elementor-inner-column elementor-element elementor-element-0d44b45\" data-id=\"0d44b45\" data-element_type=\"column\">\n        <div class=\"elementor-widget-wrap elementor-element-populated\">\n                    \n        \t\t<div class=\"elementor-element elementor-element-bbea970 elementor-widget elementor-widget-image\" data-id=\"bbea970\" data-element_type=\"widget\" data-widget_type=\"image.default\">\n\t\t\t\t<div class=\"elementor-widget-container\">\n\t\t\t<style>\/*! elementor - v3.23.0 - 05-08-2024 *\/\n.elementor-widget-image{text-align:center}.elementor-widget-image a{display:inline-block}.elementor-widget-image a img[src$=\".svg\"]{width:48px}.elementor-widget-image img{vertical-align:middle;display:inline-block}<\/style>\t\t\t\t\t\t\t\t\t\t<img fetchpriority=\"high\" decoding=\"async\" width=\"480\" height=\"320\" src=\"https:\/\/premiumburotic.fr\/wp-content\/uploads\/2024\/11\/bureautique-1.jpg\" class=\"attachment-full size-full wp-image-5403\" alt=\"\" srcset=\"https:\/\/premiumburotic.fr\/wp-content\/uploads\/2024\/11\/bureautique-1.jpg 480w, https:\/\/premiumburotic.fr\/wp-content\/uploads\/2024\/11\/bureautique-1-300x200.jpg 300w\" sizes=\"(max-width: 480px) 100vw, 480px\" \/>\t\t\t\t\t\t\t\t\t\t\t\t\t<\/div>\n\t\t\t\t<\/div>\n\t\t            <\/div>\n        <\/div>\n                <div class=\"elementor-column elementor-col-50 elementor-inner-column elementor-element elementor-element-285bf93 elementor-invisible\" data-id=\"285bf93\" data-element_type=\"column\" data-settings=\"{&quot;background_background&quot;:&quot;classic&quot;,&quot;animation&quot;:&quot;fadeInRight&quot;}\">\n        <div class=\"elementor-widget-wrap elementor-element-populated\">\n                    \n        \t\t<div class=\"elementor-element elementor-element-2dce057 elementor-widget elementor-widget-ct_text_editor\" data-id=\"2dce057\" data-element_type=\"widget\" data-widget_type=\"ct_text_editor.default\">\n\t\t\t\t<div class=\"elementor-widget-container\">\n\t\t\t<div id=\"ct_text_editor-2dce057\" class=\"ct-text-editor \" data-wow-delay=\"ms\">\n\t<div class=\"ct-inline-css\"  data-css=\"\n        \t\t\">\n\n    <\/div>\n\t<div class=\"ct-text-editor elementor-clearfix\">\n\t\t<p>Chez Premium Burotic,<\/p><div class=\"vc_empty_space\"><div class=\"wpb_wrapper\"><p>Simplifiez et automatisez vos t\u00e2ches quotidiennes, am\u00e9liorez la gestion de vos informations et la s\u00e9curit\u00e9 de vos documents, imprimez sur n\u2019importe quelle imprimante o\u00f9 que vous soyez et personnalisez vos flux de travail.Nous vous\u00a0 aidons \u00e0 am\u00e9liorer votre productivit\u00e9 et r\u00e9duire les co\u00fbts d&#8217;impression. En int\u00e9grant des technologies et des solutions logicielles avanc\u00e9es, vous aidon \u00e0 automatiser les t\u00e2ches de routine, \u00e0 am\u00e9liorer l&#8217;efficacit\u00e9 des flux de travail et \u00e0 lib\u00e9rer un temps pr\u00e9cieux pour des initiatives plus strat\u00e9giques.<\/p><\/div><\/div><p>\u00a0<\/p>\t\t\n\t<\/div>\n<\/div>\t\t<\/div>\n\t\t\t\t<\/div>\n\t\t            <\/div>\n        <\/div>\n                    <\/div>\n        <\/section>\n                    <\/div>\n        <\/div>\n                    <\/div>\n        <\/section>\n        \t\t<\/div>\n\t\t","protected":false},"excerpt":{"rendered":"<p>Chez Premium Burotic, Simplifiez et automatisez vos t\u00e2ches quotidiennes, am\u00e9liorez la gestion de vos informations et la s\u00e9curit\u00e9 de vos documents, imprimez sur n\u2019importe quelle imprimante o\u00f9 que vous soyez et personnalisez vos flux de travail.Nous vous\u00a0 aidons \u00e0 am\u00e9liorer votre productivit\u00e9 et r\u00e9duire les co\u00fbts d&rsquo;impression. En int\u00e9grant des technologies et des solutions logicielles [&hellip;]<\/p>\n","protected":false},"author":2,"featured_media":0,"parent":0,"menu_order":0,"comment_status":"closed","ping_status":"closed","template":"","meta":{"footnotes":""},"class_list":["post-5399","page","type-page","status-publish","hentry"],"aioseo_notices":[],"_links":{"self":[{"href":"https:\/\/premiumburotic.fr\/index.php\/wp-json\/wp\/v2\/pages\/5399","targetHints":{"allow":["GET"]}}],"collection":[{"href":"https:\/\/premiumburotic.fr\/index.php\/wp-json\/wp\/v2\/pages"}],"about":[{"href":"https:\/\/premiumburotic.fr\/index.php\/wp-json\/wp\/v2\/types\/page"}],"author":[{"embeddable":true,"href":"https:\/\/premiumburotic.fr\/index.php\/wp-json\/wp\/v2\/users\/2"}],"replies":[{"embeddable":true,"href":"https:\/\/premiumburotic.fr\/index.php\/wp-json\/wp\/v2\/comments?post=5399"}],"version-history":[{"count":7,"href":"https:\/\/premiumburotic.fr\/index.php\/wp-json\/wp\/v2\/pages\/5399\/revisions"}],"predecessor-version":[{"id":5519,"href":"https:\/\/premiumburotic.fr\/index.php\/wp-json\/wp\/v2\/pages\/5399\/revisions\/5519"}],"wp:attachment":[{"href":"https:\/\/premiumburotic.fr\/index.php\/wp-json\/wp\/v2\/media?parent=5399"}],"curies":[{"name":"wp","href":"https:\/\/api.w.org\/{rel}","templated":true}]}}