{"id":5392,"date":"2024-11-21T09:06:22","date_gmt":"2024-11-21T09:06:22","guid":{"rendered":"https:\/\/premiumburotic.fr\/?page_id=5392"},"modified":"2024-12-16T17:39:55","modified_gmt":"2024-12-16T17:39:55","slug":"telephonie","status":"publish","type":"page","link":"https:\/\/premiumburotic.fr\/index.php\/telephonie\/","title":{"rendered":"Telephonie"},"content":{"rendered":"\t\t<div data-elementor-type=\"wp-page\" data-elementor-id=\"5392\" class=\"elementor elementor-5392\" data-elementor-post-type=\"page\">\n\t\t\t\t        <section class=\"elementor-section elementor-top-section elementor-element elementor-element-13986e6 elementor-section-boxed elementor-section-height-default elementor-section-height-default ct-header-fixed-none ct-row-max-none\" data-id=\"13986e6\" data-element_type=\"section\">\n            \n                        <div class=\"elementor-container elementor-column-gap-default \">\n                    <div class=\"elementor-column elementor-col-100 elementor-top-column elementor-element elementor-element-7d568f0\" data-id=\"7d568f0\" data-element_type=\"column\">\n        <div class=\"elementor-widget-wrap elementor-element-populated\">\n                    \n                <section class=\"elementor-section elementor-inner-section elementor-element elementor-element-e097f71 elementor-section-boxed elementor-section-height-default elementor-section-height-default ct-header-fixed-none ct-row-max-none\" data-id=\"e097f71\" data-element_type=\"section\">\n            \n                        <div class=\"elementor-container elementor-column-gap-extended \">\n                    <div class=\"elementor-column elementor-col-50 elementor-inner-column elementor-element elementor-element-b2f30e5\" data-id=\"b2f30e5\" data-element_type=\"column\">\n        <div class=\"elementor-widget-wrap elementor-element-populated\">\n                    \n        \t\t<div class=\"elementor-element elementor-element-d77a3f0 elementor-widget elementor-widget-image\" data-id=\"d77a3f0\" data-element_type=\"widget\" data-widget_type=\"image.default\">\n\t\t\t\t<div class=\"elementor-widget-container\">\n\t\t\t<style>\/*! elementor - v3.23.0 - 05-08-2024 *\/\n.elementor-widget-image{text-align:center}.elementor-widget-image a{display:inline-block}.elementor-widget-image a img[src$=\".svg\"]{width:48px}.elementor-widget-image img{vertical-align:middle;display:inline-block}<\/style>\t\t\t\t\t\t\t\t\t\t<img fetchpriority=\"high\" decoding=\"async\" width=\"2560\" height=\"1707\" src=\"https:\/\/premiumburotic.fr\/wp-content\/uploads\/2024\/11\/kak-sdelat-biznes-na-internet-telefonii-scaled.jpeg\" class=\"attachment-full size-full wp-image-5395\" alt=\"\" srcset=\"https:\/\/premiumburotic.fr\/wp-content\/uploads\/2024\/11\/kak-sdelat-biznes-na-internet-telefonii-scaled.jpeg 2560w, https:\/\/premiumburotic.fr\/wp-content\/uploads\/2024\/11\/kak-sdelat-biznes-na-internet-telefonii-300x200.jpeg 300w, https:\/\/premiumburotic.fr\/wp-content\/uploads\/2024\/11\/kak-sdelat-biznes-na-internet-telefonii-1024x683.jpeg 1024w, https:\/\/premiumburotic.fr\/wp-content\/uploads\/2024\/11\/kak-sdelat-biznes-na-internet-telefonii-768x512.jpeg 768w, https:\/\/premiumburotic.fr\/wp-content\/uploads\/2024\/11\/kak-sdelat-biznes-na-internet-telefonii-1536x1024.jpeg 1536w, https:\/\/premiumburotic.fr\/wp-content\/uploads\/2024\/11\/kak-sdelat-biznes-na-internet-telefonii-2048x1365.jpeg 2048w\" sizes=\"(max-width: 2560px) 100vw, 2560px\" \/>\t\t\t\t\t\t\t\t\t\t\t\t\t<\/div>\n\t\t\t\t<\/div>\n\t\t            <\/div>\n        <\/div>\n                <div class=\"elementor-column elementor-col-50 elementor-inner-column elementor-element elementor-element-03f23ac elementor-invisible\" data-id=\"03f23ac\" data-element_type=\"column\" data-settings=\"{&quot;background_background&quot;:&quot;classic&quot;,&quot;animation&quot;:&quot;fadeInRight&quot;}\">\n        <div class=\"elementor-widget-wrap elementor-element-populated\">\n                    \n        \t\t<div class=\"elementor-element elementor-element-e6bcde6 elementor-widget elementor-widget-ct_text_editor\" data-id=\"e6bcde6\" data-element_type=\"widget\" data-widget_type=\"ct_text_editor.default\">\n\t\t\t\t<div class=\"elementor-widget-container\">\n\t\t\t<div id=\"ct_text_editor-e6bcde6\" class=\"ct-text-editor \" data-wow-delay=\"ms\">\n\t<div class=\"ct-inline-css\"  data-css=\"\n        \t\t\">\n\n    <\/div>\n\t<div class=\"ct-text-editor elementor-clearfix\">\n\t\t<p>Chez Premium Burotic, nous fournissons des services de t\u00e9l\u00e9phonie avanc\u00e9s qui aident les entreprises \u00e0 rester connect\u00e9es, efficaces et collaboratives. Que vous ayez besoin d&#8217;un syst\u00e8me de communication vocale fiable pour votre bureau, de solutions bas\u00e9es sur le cloud pour les \u00e9quipes distantes ou d&#8217;une refonte compl\u00e8te de votre infrastructure de t\u00e9l\u00e9communications, nous proposons des solutions compl\u00e8tes adapt\u00e9es \u00e0 vos besoins. Nous vous acompagnons \u00e0 mise en place de lien internet adapt\u00e9s a vos infrastructures tels que la fibre mutualis\u00e9e FTTH , la fibre d\u00e9di\u00e9 FTTO\u00a0 ou\u00a0 des solutions 5G.<\/p><p>Nous vous aidons a choisir les solutions de forfaits mobiles adapt\u00e9 selon votre localisation g\u00e9ographique et votre utilisation.<\/p><p>Nous concevons et mettons en \u0153uvre des syst\u00e8mes t\u00e9l\u00e9phoniques professionnels \u00e9volutifs et performants qui am\u00e9liorent la communication et la collaboration entre les \u00e9quipes. Nos solutions incluent des syst\u00e8mes VoIP, SIP trunking et PBX, offrant flexibilit\u00e9 et \u00e9conomies de co\u00fbts.<\/p>\t\t\n\t<\/div>\n<\/div>\t\t<\/div>\n\t\t\t\t<\/div>\n\t\t            <\/div>\n        <\/div>\n                    <\/div>\n        <\/section>\n                    <\/div>\n        <\/div>\n                    <\/div>\n        <\/section>\n        \t\t<\/div>\n\t\t","protected":false},"excerpt":{"rendered":"<p>Chez Premium Burotic, nous fournissons des services de t\u00e9l\u00e9phonie avanc\u00e9s qui aident les entreprises \u00e0 rester connect\u00e9es, efficaces et collaboratives. Que vous ayez besoin d&rsquo;un syst\u00e8me de communication vocale fiable pour votre bureau, de solutions bas\u00e9es sur le cloud pour les \u00e9quipes distantes ou d&rsquo;une refonte compl\u00e8te de votre infrastructure de t\u00e9l\u00e9communications, nous proposons des [&hellip;]<\/p>\n","protected":false},"author":2,"featured_media":0,"parent":0,"menu_order":0,"comment_status":"closed","ping_status":"closed","template":"","meta":{"footnotes":""},"class_list":["post-5392","page","type-page","status-publish","hentry"],"aioseo_notices":[],"_links":{"self":[{"href":"https:\/\/premiumburotic.fr\/index.php\/wp-json\/wp\/v2\/pages\/5392","targetHints":{"allow":["GET"]}}],"collection":[{"href":"https:\/\/premiumburotic.fr\/index.php\/wp-json\/wp\/v2\/pages"}],"about":[{"href":"https:\/\/premiumburotic.fr\/index.php\/wp-json\/wp\/v2\/types\/page"}],"author":[{"embeddable":true,"href":"https:\/\/premiumburotic.fr\/index.php\/wp-json\/wp\/v2\/users\/2"}],"replies":[{"embeddable":true,"href":"https:\/\/premiumburotic.fr\/index.php\/wp-json\/wp\/v2\/comments?post=5392"}],"version-history":[{"count":7,"href":"https:\/\/premiumburotic.fr\/index.php\/wp-json\/wp\/v2\/pages\/5392\/revisions"}],"predecessor-version":[{"id":5522,"href":"https:\/\/premiumburotic.fr\/index.php\/wp-json\/wp\/v2\/pages\/5392\/revisions\/5522"}],"wp:attachment":[{"href":"https:\/\/premiumburotic.fr\/index.php\/wp-json\/wp\/v2\/media?parent=5392"}],"curies":[{"name":"wp","href":"https:\/\/api.w.org\/{rel}","templated":true}]}}