{"id":5373,"date":"2024-11-21T08:54:57","date_gmt":"2024-11-21T08:54:57","guid":{"rendered":"https:\/\/premiumburotic.fr\/?page_id=5373"},"modified":"2024-12-16T17:45:10","modified_gmt":"2024-12-16T17:45:10","slug":"expertise-it","status":"publish","type":"page","link":"https:\/\/premiumburotic.fr\/index.php\/expertise-it\/","title":{"rendered":"Expertise It"},"content":{"rendered":"\t\t<div data-elementor-type=\"wp-page\" data-elementor-id=\"5373\" class=\"elementor elementor-5373\" data-elementor-post-type=\"page\">\n\t\t\t\t        <section class=\"elementor-section elementor-top-section elementor-element elementor-element-f8588be elementor-section-boxed elementor-section-height-default elementor-section-height-default ct-header-fixed-none ct-row-max-none\" data-id=\"f8588be\" data-element_type=\"section\">\n            \n                        <div class=\"elementor-container elementor-column-gap-default \">\n                    <div class=\"elementor-column elementor-col-100 elementor-top-column elementor-element elementor-element-f268713\" data-id=\"f268713\" data-element_type=\"column\">\n        <div class=\"elementor-widget-wrap elementor-element-populated\">\n                    \n                <section class=\"elementor-section elementor-inner-section elementor-element elementor-element-13902c3 elementor-section-boxed elementor-section-height-default elementor-section-height-default ct-header-fixed-none ct-row-max-none\" data-id=\"13902c3\" data-element_type=\"section\">\n            \n                        <div class=\"elementor-container elementor-column-gap-extended \">\n                    <div class=\"elementor-column elementor-col-50 elementor-inner-column elementor-element elementor-element-6a7aa71\" data-id=\"6a7aa71\" data-element_type=\"column\">\n        <div class=\"elementor-widget-wrap elementor-element-populated\">\n                    \n        \t\t<div class=\"elementor-element elementor-element-0ec2c8e elementor-widget elementor-widget-image\" data-id=\"0ec2c8e\" data-element_type=\"widget\" data-widget_type=\"image.default\">\n\t\t\t\t<div class=\"elementor-widget-container\">\n\t\t\t<style>\/*! elementor - v3.23.0 - 05-08-2024 *\/\n.elementor-widget-image{text-align:center}.elementor-widget-image a{display:inline-block}.elementor-widget-image a img[src$=\".svg\"]{width:48px}.elementor-widget-image img{vertical-align:middle;display:inline-block}<\/style>\t\t\t\t\t\t\t\t\t\t<img fetchpriority=\"high\" decoding=\"async\" width=\"930\" height=\"784\" src=\"https:\/\/premiumburotic.fr\/wp-content\/uploads\/2024\/11\/innovation.jpg\" class=\"attachment-full size-full wp-image-5376\" alt=\"\" srcset=\"https:\/\/premiumburotic.fr\/wp-content\/uploads\/2024\/11\/innovation.jpg 930w, https:\/\/premiumburotic.fr\/wp-content\/uploads\/2024\/11\/innovation-300x253.jpg 300w, https:\/\/premiumburotic.fr\/wp-content\/uploads\/2024\/11\/innovation-768x647.jpg 768w\" sizes=\"(max-width: 930px) 100vw, 930px\" \/>\t\t\t\t\t\t\t\t\t\t\t\t\t<\/div>\n\t\t\t\t<\/div>\n\t\t            <\/div>\n        <\/div>\n                <div class=\"elementor-column elementor-col-50 elementor-inner-column elementor-element elementor-element-041698c elementor-invisible\" data-id=\"041698c\" data-element_type=\"column\" data-settings=\"{&quot;background_background&quot;:&quot;classic&quot;,&quot;animation&quot;:&quot;fadeInRight&quot;}\">\n        <div class=\"elementor-widget-wrap elementor-element-populated\">\n                    \n        \t\t<div class=\"elementor-element elementor-element-81bd2d1 elementor-widget elementor-widget-ct_text_editor\" data-id=\"81bd2d1\" data-element_type=\"widget\" data-widget_type=\"ct_text_editor.default\">\n\t\t\t\t<div class=\"elementor-widget-container\">\n\t\t\t<div id=\"ct_text_editor-81bd2d1\" class=\"ct-text-editor \" data-wow-delay=\"ms\">\n\t<div class=\"ct-inline-css\"  data-css=\"\n        \t\t\">\n\n    <\/div>\n\t<div class=\"ct-text-editor elementor-clearfix\">\n\t\t<p>Nous proposons des services d&#8217;expertise informatique qui permettent aux entreprises d&#8217;exploiter tout le potentiel de la technologie pour favoriser le succ\u00e8s et l&#8217;innovation. Notre \u00e9quipe de professionnels informatiques qualifi\u00e9s propose une large gamme de services con\u00e7us pour optimiser, s\u00e9curiser et prendre en charge l&#8217;infrastructure technologique de votre organisation.<\/p><p>Nous fournissons des conseils d\u2019experts pour aider les entreprises \u00e0 aligner leurs besoins technologiques sur leurs objectifs globaux. Des \u00e9valuations informatiques \u00e0 la planification strat\u00e9gique, nous veillons \u00e0 ce que vos investissements technologiques g\u00e9n\u00e8rent une valeur maximale.<\/p><p>Notre \u00e9quipe con\u00e7oit, installe et entretient des infrastructures informatiques robustes, garantissant que votre r\u00e9seau fonctionne efficacement et en toute s\u00e9curit\u00e9. Nous fournissons une surveillance continue, un d\u00e9pannage et une assistance pour le bon fonctionnement des op\u00e9rations.<\/p>\t\t\n\t<\/div>\n<\/div>\t\t<\/div>\n\t\t\t\t<\/div>\n\t\t            <\/div>\n        <\/div>\n                    <\/div>\n        <\/section>\n                    <\/div>\n        <\/div>\n                    <\/div>\n        <\/section>\n        \t\t<\/div>\n\t\t","protected":false},"excerpt":{"rendered":"<p>Nous proposons des services d&rsquo;expertise informatique qui permettent aux entreprises d&rsquo;exploiter tout le potentiel de la technologie pour favoriser le succ\u00e8s et l&rsquo;innovation. Notre \u00e9quipe de professionnels informatiques qualifi\u00e9s propose une large gamme de services con\u00e7us pour optimiser, s\u00e9curiser et prendre en charge l&rsquo;infrastructure technologique de votre organisation. Nous fournissons des conseils d\u2019experts pour aider [&hellip;]<\/p>\n","protected":false},"author":2,"featured_media":0,"parent":0,"menu_order":0,"comment_status":"closed","ping_status":"closed","template":"","meta":{"footnotes":""},"class_list":["post-5373","page","type-page","status-publish","hentry"],"aioseo_notices":[],"_links":{"self":[{"href":"https:\/\/premiumburotic.fr\/index.php\/wp-json\/wp\/v2\/pages\/5373","targetHints":{"allow":["GET"]}}],"collection":[{"href":"https:\/\/premiumburotic.fr\/index.php\/wp-json\/wp\/v2\/pages"}],"about":[{"href":"https:\/\/premiumburotic.fr\/index.php\/wp-json\/wp\/v2\/types\/page"}],"author":[{"embeddable":true,"href":"https:\/\/premiumburotic.fr\/index.php\/wp-json\/wp\/v2\/users\/2"}],"replies":[{"embeddable":true,"href":"https:\/\/premiumburotic.fr\/index.php\/wp-json\/wp\/v2\/comments?post=5373"}],"version-history":[{"count":10,"href":"https:\/\/premiumburotic.fr\/index.php\/wp-json\/wp\/v2\/pages\/5373\/revisions"}],"predecessor-version":[{"id":5525,"href":"https:\/\/premiumburotic.fr\/index.php\/wp-json\/wp\/v2\/pages\/5373\/revisions\/5525"}],"wp:attachment":[{"href":"https:\/\/premiumburotic.fr\/index.php\/wp-json\/wp\/v2\/media?parent=5373"}],"curies":[{"name":"wp","href":"https:\/\/api.w.org\/{rel}","templated":true}]}}