{"id":5363,"date":"2024-11-21T08:40:02","date_gmt":"2024-11-21T08:40:02","guid":{"rendered":"https:\/\/premiumburotic.fr\/?page_id=5363"},"modified":"2024-12-16T17:55:34","modified_gmt":"2024-12-16T17:55:34","slug":"solution-digitale","status":"publish","type":"page","link":"https:\/\/premiumburotic.fr\/index.php\/solution-digitale\/","title":{"rendered":"Solution Digitale"},"content":{"rendered":"\t\t<div data-elementor-type=\"wp-page\" data-elementor-id=\"5363\" class=\"elementor elementor-5363\" data-elementor-post-type=\"page\">\n\t\t\t\t        <section class=\"elementor-section elementor-top-section elementor-element elementor-element-073800c elementor-section-boxed elementor-section-height-default elementor-section-height-default ct-header-fixed-none ct-row-max-none\" data-id=\"073800c\" data-element_type=\"section\">\n            \n                        <div class=\"elementor-container elementor-column-gap-default \">\n                    <div class=\"elementor-column elementor-col-100 elementor-top-column elementor-element elementor-element-fd7c6f6\" data-id=\"fd7c6f6\" data-element_type=\"column\">\n        <div class=\"elementor-widget-wrap elementor-element-populated\">\n                    \n                <section class=\"elementor-section elementor-inner-section elementor-element elementor-element-717b2a2 elementor-section-boxed elementor-section-height-default elementor-section-height-default ct-header-fixed-none ct-row-max-none\" data-id=\"717b2a2\" data-element_type=\"section\">\n            \n                        <div class=\"elementor-container elementor-column-gap-extended \">\n                    <div class=\"elementor-column elementor-col-50 elementor-inner-column elementor-element elementor-element-51dc755\" data-id=\"51dc755\" data-element_type=\"column\">\n        <div class=\"elementor-widget-wrap elementor-element-populated\">\n                    \n        \t\t<div class=\"elementor-element elementor-element-991da17 elementor-widget elementor-widget-image\" data-id=\"991da17\" data-element_type=\"widget\" data-widget_type=\"image.default\">\n\t\t\t\t<div class=\"elementor-widget-container\">\n\t\t\t<style>\/*! elementor - v3.23.0 - 05-08-2024 *\/\n.elementor-widget-image{text-align:center}.elementor-widget-image a{display:inline-block}.elementor-widget-image a img[src$=\".svg\"]{width:48px}.elementor-widget-image img{vertical-align:middle;display:inline-block}<\/style>\t\t\t\t\t\t\t\t\t\t<img fetchpriority=\"high\" decoding=\"async\" width=\"2560\" height=\"1536\" src=\"https:\/\/premiumburotic.fr\/wp-content\/uploads\/2024\/11\/1549492641038-scaled.jpg\" class=\"attachment-full size-full wp-image-5366\" alt=\"\" srcset=\"https:\/\/premiumburotic.fr\/wp-content\/uploads\/2024\/11\/1549492641038-scaled.jpg 2560w, https:\/\/premiumburotic.fr\/wp-content\/uploads\/2024\/11\/1549492641038-300x180.jpg 300w, https:\/\/premiumburotic.fr\/wp-content\/uploads\/2024\/11\/1549492641038-1024x614.jpg 1024w, https:\/\/premiumburotic.fr\/wp-content\/uploads\/2024\/11\/1549492641038-768x461.jpg 768w, https:\/\/premiumburotic.fr\/wp-content\/uploads\/2024\/11\/1549492641038-1536x922.jpg 1536w, https:\/\/premiumburotic.fr\/wp-content\/uploads\/2024\/11\/1549492641038-2048x1229.jpg 2048w\" sizes=\"(max-width: 2560px) 100vw, 2560px\" \/>\t\t\t\t\t\t\t\t\t\t\t\t\t<\/div>\n\t\t\t\t<\/div>\n\t\t            <\/div>\n        <\/div>\n                <div class=\"elementor-column elementor-col-50 elementor-inner-column elementor-element elementor-element-280f15c elementor-invisible\" data-id=\"280f15c\" data-element_type=\"column\" data-settings=\"{&quot;background_background&quot;:&quot;classic&quot;,&quot;animation&quot;:&quot;fadeInRight&quot;}\">\n        <div class=\"elementor-widget-wrap elementor-element-populated\">\n                    \n        \t\t<div class=\"elementor-element elementor-element-3108c90 elementor-widget elementor-widget-ct_text_editor\" data-id=\"3108c90\" data-element_type=\"widget\" data-widget_type=\"ct_text_editor.default\">\n\t\t\t\t<div class=\"elementor-widget-container\">\n\t\t\t<div id=\"ct_text_editor-3108c90\" class=\"ct-text-editor \" data-wow-delay=\"ms\">\n\t<div class=\"ct-inline-css\"  data-css=\"\n        \t\t\">\n\n    <\/div>\n\t<div class=\"ct-text-editor elementor-clearfix\">\n\t\t<p>Nous proposons deux solutions de D\u00e9materialisation de vos documents autrement appel\u00e9s GED.<\/p><p>Leader sur la march\u00e9 nous int\u00e9grons La solution ZEENDOC ainsi que la solution de GED d&#8217;eukl\u00e8s.<\/p><p>Les logiciels de GED int\u00e8grent des fonctionnalit\u00e9s permettant de\u00a0 d&#8217;automatiser la gestion des documents. Parmi ces fonctionnalit\u00e9s, on trouve notamment des fonctions de LAD-RAD permettant la reconnaissance automatique des documents et l&#8217;extraction de donn\u00e9es sp\u00e9cifiques, les fonctionnalit\u00e9s d&#8217;OCR pour permettre une recherche sur tous les \u00e9l\u00e9ments contenus dans les documents stock\u00e9s, des syst\u00e8mes de diffusion\u00a0 \u00e9labor\u00e9s.<\/p><p>Ces solutions int\u00e8grent\u00a0 des processus de circuits de validation num\u00e9rique plus connus sous le nom de workflows, qui permettent de r\u00e9aliser l&#8217;ensemble du processus d&#8217;approbation d&#8217;un document de mani\u00e8re num\u00e9rique.<\/p><p>La GED vous permet de rationaliser vos <span class=\"BxUVEf ILfuVd\" lang=\"fr\"><span class=\"hgKElc\">co\u00fbts<\/span><\/span> ,de gagner du temps pour des <span class=\"BxUVEf ILfuVd\" lang=\"fr\"><span class=\"hgKElc\">t\u00e2che<\/span><\/span> plus strat\u00e9giques pour votre entreprise.<\/p>\t\t\n\t<\/div>\n<\/div>\t\t<\/div>\n\t\t\t\t<\/div>\n\t\t            <\/div>\n        <\/div>\n                    <\/div>\n        <\/section>\n                    <\/div>\n        <\/div>\n                    <\/div>\n        <\/section>\n                <section class=\"elementor-section elementor-top-section elementor-element elementor-element-757096a elementor-section-boxed elementor-section-height-default elementor-section-height-default ct-header-fixed-none ct-row-max-none\" data-id=\"757096a\" data-element_type=\"section\">\n            \n                        <div class=\"elementor-container elementor-column-gap-default \">\n                    <div class=\"elementor-column elementor-col-100 elementor-top-column elementor-element elementor-element-b3f6332\" data-id=\"b3f6332\" data-element_type=\"column\">\n        <div class=\"elementor-widget-wrap elementor-element-populated\">\n                    \n        \t\t<div class=\"elementor-element elementor-element-bc5df5f elementor-widget elementor-widget-ct_heading\" data-id=\"bc5df5f\" data-element_type=\"widget\" data-widget_type=\"ct_heading.default\">\n\t\t\t\t<div class=\"elementor-widget-container\">\n\t\t\t<div class=\"ct-heading h-align-center  sub-style1 ct-heading-left item-st-line-bottom1\">\r\n\t    <h3 class=\"item--title st-line-bottom1 \" data-wow-delay=\"ms\">\r\n                <span class=\"sp-main\">\r\n            \r\n            Nos services incluent\r\n            \r\n                    <\/span>\r\n                    <div class=\"ct-heading-divider\"><span><\/span><\/div>\r\n            <\/h3>\r\n<\/div>\t\t<\/div>\n\t\t\t\t<\/div>\n\t\t            <\/div>\n        <\/div>\n                    <\/div>\n        <\/section>\n                <section class=\"elementor-section elementor-top-section elementor-element elementor-element-f656eb5 elementor-section-boxed elementor-section-height-default elementor-section-height-default ct-header-fixed-none ct-row-max-none\" data-id=\"f656eb5\" data-element_type=\"section\">\n            \n                        <div class=\"elementor-container elementor-column-gap-default \">\n                    <div class=\"elementor-column elementor-col-50 elementor-top-column elementor-element elementor-element-193ddfd\" data-id=\"193ddfd\" data-element_type=\"column\" data-settings=\"{&quot;background_background&quot;:&quot;classic&quot;}\">\n        <div class=\"elementor-widget-wrap elementor-element-populated\">\n                    \n        \t\t<div class=\"elementor-element elementor-element-df14026 elementor-widget elementor-widget-ct_feature\" data-id=\"df14026\" data-element_type=\"widget\" data-widget_type=\"ct_feature.default\">\n\t\t\t\t<div class=\"elementor-widget-container\">\n\t\t\t<div class=\"ct-feature-layout1 style2 \">\r\n    <div class=\"item--holder\">\r\n        <h3 class=\"item--title\"><i class=\"fac fac-angle-double-right\"><\/i>D\u00e9veloppement de logiciels personnalis\u00e9s <\/h3>\r\n        <div class=\"item--desc\" >Des applications sur mesure pour r\u00e9pondre aux besoins de votre entreprise, des plates-formes Web aux applications mobiles, am\u00e9liorant le flux de travail et l'engagement client.<\/div>\r\n    <\/div>\r\n<\/div>\t\t<\/div>\n\t\t\t\t<\/div>\n\t\t            <\/div>\n        <\/div>\n                <div class=\"elementor-column elementor-col-50 elementor-top-column elementor-element elementor-element-d576e3c\" data-id=\"d576e3c\" data-element_type=\"column\" data-settings=\"{&quot;background_background&quot;:&quot;classic&quot;}\">\n        <div class=\"elementor-widget-wrap elementor-element-populated\">\n                    \n        \t\t<div class=\"elementor-element elementor-element-71c7316 elementor-widget elementor-widget-ct_feature\" data-id=\"71c7316\" data-element_type=\"widget\" data-widget_type=\"ct_feature.default\">\n\t\t\t\t<div class=\"elementor-widget-container\">\n\t\t\t<div class=\"ct-feature-layout1 style2 \">\r\n    <div class=\"item--holder\">\r\n        <h3 class=\"item--title\"><i class=\"fac fac-angle-double-right\"><\/i>Solutions Cloud<\/h3>\r\n        <div class=\"item--desc\" >Des services cloud \u00e9volutifs et s\u00e9curis\u00e9s pour aider votre entreprise \u00e0 stocker, g\u00e9rer et acc\u00e9der aux donn\u00e9es \u00e0 distance, am\u00e9liorant ainsi la flexibilit\u00e9 et r\u00e9duisant les co\u00fbts d'infrastructure.<\/div>\r\n    <\/div>\r\n<\/div>\t\t<\/div>\n\t\t\t\t<\/div>\n\t\t            <\/div>\n        <\/div>\n                    <\/div>\n        <\/section>\n                <section class=\"elementor-section elementor-top-section elementor-element elementor-element-df69fd8 elementor-section-boxed elementor-section-height-default elementor-section-height-default ct-header-fixed-none ct-row-max-none\" data-id=\"df69fd8\" data-element_type=\"section\">\n            \n                        <div class=\"elementor-container elementor-column-gap-default \">\n                    <div class=\"elementor-column elementor-col-50 elementor-top-column elementor-element elementor-element-d56acb5\" data-id=\"d56acb5\" data-element_type=\"column\" data-settings=\"{&quot;background_background&quot;:&quot;classic&quot;}\">\n        <div class=\"elementor-widget-wrap elementor-element-populated\">\n                    \n        \t\t<div class=\"elementor-element elementor-element-0b17dc0 elementor-widget elementor-widget-ct_feature\" data-id=\"0b17dc0\" data-element_type=\"widget\" data-widget_type=\"ct_feature.default\">\n\t\t\t\t<div class=\"elementor-widget-container\">\n\t\t\t<div class=\"ct-feature-layout1 style2 \">\r\n    <div class=\"item--holder\">\r\n        <h3 class=\"item--title\"><i class=\"fac fac-angle-double-right\"><\/i>Analyse de donn\u00e9es et veille \u00e9conomique<\/h3>\r\n        <div class=\"item--desc\" >Outils et analyses avanc\u00e9s pour aider les entreprises \u00e0 exploiter les donn\u00e9es, \u00e0 obtenir des informations pr\u00e9cieuses et \u00e0 prendre des d\u00e9cisions \u00e9clair\u00e9es pour stimuler la croissance et l'efficacit\u00e9.<\/div>\r\n    <\/div>\r\n<\/div>\t\t<\/div>\n\t\t\t\t<\/div>\n\t\t            <\/div>\n        <\/div>\n                <div class=\"elementor-column elementor-col-50 elementor-top-column elementor-element elementor-element-d24f041\" data-id=\"d24f041\" data-element_type=\"column\" data-settings=\"{&quot;background_background&quot;:&quot;classic&quot;}\">\n        <div class=\"elementor-widget-wrap elementor-element-populated\">\n                    \n        \t\t<div class=\"elementor-element elementor-element-42fe273 elementor-widget elementor-widget-ct_feature\" data-id=\"42fe273\" data-element_type=\"widget\" data-widget_type=\"ct_feature.default\">\n\t\t\t\t<div class=\"elementor-widget-container\">\n\t\t\t<div class=\"ct-feature-layout1 style2 \">\r\n    <div class=\"item--holder\">\r\n        <h3 class=\"item--title\"><i class=\"fac fac-angle-double-right\"><\/i>Marketing num\u00e9rique et optimisation du r\u00e9f\u00e9rencement<\/h3>\r\n        <div class=\"item--desc\" >Strat\u00e9gies de marketing num\u00e9rique et services de r\u00e9f\u00e9rencement sur mesure pour augmenter la visibilit\u00e9 en ligne, attirer du trafic et stimuler les ventes.<\/div>\r\n    <\/div>\r\n<\/div>\t\t<\/div>\n\t\t\t\t<\/div>\n\t\t            <\/div>\n        <\/div>\n                    <\/div>\n        <\/section>\n        \t\t<\/div>\n\t\t","protected":false},"excerpt":{"rendered":"<p>Nous proposons deux solutions de D\u00e9materialisation de vos documents autrement appel\u00e9s GED. Leader sur la march\u00e9 nous int\u00e9grons La solution ZEENDOC ainsi que la solution de GED d&rsquo;eukl\u00e8s. Les logiciels de GED int\u00e8grent des fonctionnalit\u00e9s permettant de\u00a0 d&rsquo;automatiser la gestion des documents. Parmi ces fonctionnalit\u00e9s, on trouve notamment des fonctions de LAD-RAD permettant la reconnaissance [&hellip;]<\/p>\n","protected":false},"author":2,"featured_media":0,"parent":0,"menu_order":0,"comment_status":"closed","ping_status":"closed","template":"","meta":{"footnotes":""},"class_list":["post-5363","page","type-page","status-publish","hentry"],"aioseo_notices":[],"_links":{"self":[{"href":"https:\/\/premiumburotic.fr\/index.php\/wp-json\/wp\/v2\/pages\/5363","targetHints":{"allow":["GET"]}}],"collection":[{"href":"https:\/\/premiumburotic.fr\/index.php\/wp-json\/wp\/v2\/pages"}],"about":[{"href":"https:\/\/premiumburotic.fr\/index.php\/wp-json\/wp\/v2\/types\/page"}],"author":[{"embeddable":true,"href":"https:\/\/premiumburotic.fr\/index.php\/wp-json\/wp\/v2\/users\/2"}],"replies":[{"embeddable":true,"href":"https:\/\/premiumburotic.fr\/index.php\/wp-json\/wp\/v2\/comments?post=5363"}],"version-history":[{"count":13,"href":"https:\/\/premiumburotic.fr\/index.php\/wp-json\/wp\/v2\/pages\/5363\/revisions"}],"predecessor-version":[{"id":5529,"href":"https:\/\/premiumburotic.fr\/index.php\/wp-json\/wp\/v2\/pages\/5363\/revisions\/5529"}],"wp:attachment":[{"href":"https:\/\/premiumburotic.fr\/index.php\/wp-json\/wp\/v2\/media?parent=5363"}],"curies":[{"name":"wp","href":"https:\/\/api.w.org\/{rel}","templated":true}]}}