{"id":409,"date":"2019-11-11T08:37:45","date_gmt":"2019-11-11T08:37:45","guid":{"rendered":"https:\/\/demo.casethemes.net\/consultio-corporate2\/?page_id=409"},"modified":"2024-12-17T10:19:20","modified_gmt":"2024-12-17T10:19:20","slug":"services-v-2","status":"publish","type":"page","link":"https:\/\/premiumburotic.fr\/index.php\/services-v-2\/","title":{"rendered":"Nos services"},"content":{"rendered":"\t\t<div data-elementor-type=\"wp-page\" data-elementor-id=\"409\" class=\"elementor elementor-409\" data-elementor-post-type=\"page\">\n\t\t\t\t        <section class=\"elementor-section elementor-top-section elementor-element elementor-element-b72d907 elementor-section-stretched elementor-section-boxed elementor-section-height-default elementor-section-height-default ct-header-fixed-none ct-row-max-none\" data-id=\"b72d907\" data-element_type=\"section\" data-settings=\"{&quot;stretch_section&quot;:&quot;section-stretched&quot;,&quot;background_background&quot;:&quot;classic&quot;}\">\n            \n                        <div class=\"elementor-container elementor-column-gap-narrow \">\n                    <div class=\"elementor-column elementor-col-33 elementor-top-column elementor-element elementor-element-dd7703b elementor-invisible\" data-id=\"dd7703b\" data-element_type=\"column\" data-settings=\"{&quot;animation&quot;:&quot;zoomIn&quot;,&quot;background_background&quot;:&quot;classic&quot;}\">\n        <div class=\"elementor-widget-wrap elementor-element-populated\">\n                    \n        \t\t<div class=\"elementor-element elementor-element-21a4b49 elementor-widget elementor-widget-image\" data-id=\"21a4b49\" data-element_type=\"widget\" data-widget_type=\"image.default\">\n\t\t\t\t<div class=\"elementor-widget-container\">\n\t\t\t<style>\/*! elementor - v3.23.0 - 05-08-2024 *\/\n.elementor-widget-image{text-align:center}.elementor-widget-image a{display:inline-block}.elementor-widget-image a img[src$=\".svg\"]{width:48px}.elementor-widget-image img{vertical-align:middle;display:inline-block}<\/style>\t\t\t\t\t\t\t\t\t\t<img fetchpriority=\"high\" decoding=\"async\" width=\"640\" height=\"427\" src=\"https:\/\/premiumburotic.fr\/wp-content\/uploads\/2024\/11\/1671722014_www-funnyart-club-p-tipografiya-kartinki-oboi-5-1024x683.jpg\" class=\"attachment-large size-large wp-image-5418\" alt=\"\" srcset=\"https:\/\/premiumburotic.fr\/wp-content\/uploads\/2024\/11\/1671722014_www-funnyart-club-p-tipografiya-kartinki-oboi-5-1024x683.jpg 1024w, https:\/\/premiumburotic.fr\/wp-content\/uploads\/2024\/11\/1671722014_www-funnyart-club-p-tipografiya-kartinki-oboi-5-300x200.jpg 300w, https:\/\/premiumburotic.fr\/wp-content\/uploads\/2024\/11\/1671722014_www-funnyart-club-p-tipografiya-kartinki-oboi-5-768x512.jpg 768w, https:\/\/premiumburotic.fr\/wp-content\/uploads\/2024\/11\/1671722014_www-funnyart-club-p-tipografiya-kartinki-oboi-5-1536x1025.jpg 1536w, https:\/\/premiumburotic.fr\/wp-content\/uploads\/2024\/11\/1671722014_www-funnyart-club-p-tipografiya-kartinki-oboi-5.jpg 1601w\" sizes=\"(max-width: 640px) 100vw, 640px\" \/>\t\t\t\t\t\t\t\t\t\t\t\t\t<\/div>\n\t\t\t\t<\/div>\n\t\t\t\t<div class=\"elementor-element elementor-element-ff67f80 elementor-widget elementor-widget-ct_heading\" data-id=\"ff67f80\" data-element_type=\"widget\" data-widget_type=\"ct_heading.default\">\n\t\t\t\t<div class=\"elementor-widget-container\">\n\t\t\t<div class=\"ct-heading h-align-center  sub-style1 ct-heading-left item-st-default\">\r\n\t    <h4 class=\"item--title st-default \" data-wow-delay=\"ms\">\r\n                <span class=\"sp-main\">\r\n            \r\n            Impression\r\n            \r\n                    <\/span>\r\n            <\/h4>\r\n<\/div>\t\t<\/div>\n\t\t\t\t<\/div>\n\t\t\t\t<div class=\"elementor-element elementor-element-e0430c7 elementor-widget elementor-widget-text-editor\" data-id=\"e0430c7\" data-element_type=\"widget\" data-widget_type=\"text-editor.default\">\n\t\t\t\t<div class=\"elementor-widget-container\">\n\t\t\t<style>\/*! elementor - v3.23.0 - 05-08-2024 *\/\n.elementor-widget-text-editor.elementor-drop-cap-view-stacked .elementor-drop-cap{background-color:#69727d;color:#fff}.elementor-widget-text-editor.elementor-drop-cap-view-framed .elementor-drop-cap{color:#69727d;border:3px solid;background-color:transparent}.elementor-widget-text-editor:not(.elementor-drop-cap-view-default) .elementor-drop-cap{margin-top:8px}.elementor-widget-text-editor:not(.elementor-drop-cap-view-default) .elementor-drop-cap-letter{width:1em;height:1em}.elementor-widget-text-editor .elementor-drop-cap{float:left;text-align:center;line-height:1;font-size:50px}.elementor-widget-text-editor .elementor-drop-cap-letter{display:inline-block}<\/style>\t\t\t\t<p>Nos services d&#8217;impression fournissent des solutions d&#8217;impression personnalis\u00e9es de haute qualit\u00e9 qui aident votre marque \u00e0 avoir un impact durable. Des cartes de visite aux pr\u00e9sentoirs grand format, nous veillons \u00e0 ce que chaque impression refl\u00e8te le professionnalisme et la vision de votre marque.<\/p>\t\t\t\t\t\t<\/div>\n\t\t\t\t<\/div>\n\t\t\t\t<div class=\"elementor-element elementor-element-49ef70a elementor-align-center elementor-widget elementor-widget-ct_button\" data-id=\"49ef70a\" data-element_type=\"widget\" data-widget_type=\"ct_button.default\">\n\t\t\t\t<div class=\"elementor-widget-container\">\n\t\t\t<div class=\"ct-button-wrapper ct-button-layout1 icon- btn--inline \">\r\n            <span class=\"ct-icon-active\"><\/span>\r\n        <a href=\"https:\/\/premiumburotic.fr\/index.php\/contact-v-4\/\" class=\"btn btn-default icon-active btn-inline-block  \" data-wow-delay=\"ms\">\r\n                            <span class=\"ct-button-icon ct-align-icon-\">\r\n                            <\/span>\r\n                <span class=\"ct-button-text\">Contactez-nous aujourd&#039;hui<\/span>\r\n    <\/a>\r\n<\/div>\t\t<\/div>\n\t\t\t\t<\/div>\n\t\t            <\/div>\n        <\/div>\n                <div class=\"elementor-column elementor-col-33 elementor-top-column elementor-element elementor-element-0fd94ba elementor-invisible\" data-id=\"0fd94ba\" data-element_type=\"column\" data-settings=\"{&quot;animation&quot;:&quot;zoomIn&quot;,&quot;background_background&quot;:&quot;classic&quot;}\">\n        <div class=\"elementor-widget-wrap elementor-element-populated\">\n                    \n        \t\t<div class=\"elementor-element elementor-element-cccc899 elementor-widget elementor-widget-image\" data-id=\"cccc899\" data-element_type=\"widget\" data-widget_type=\"image.default\">\n\t\t\t\t<div class=\"elementor-widget-container\">\n\t\t\t\t\t\t\t\t\t\t\t\t\t<img decoding=\"async\" width=\"640\" height=\"427\" src=\"https:\/\/premiumburotic.fr\/wp-content\/uploads\/2024\/11\/Document-Storage-Disposal-Service_shutterstock_1144449164-1-1920x1087-1-1-1024x683.webp\" class=\"attachment-large size-large wp-image-5421\" alt=\"\" srcset=\"https:\/\/premiumburotic.fr\/wp-content\/uploads\/2024\/11\/Document-Storage-Disposal-Service_shutterstock_1144449164-1-1920x1087-1-1-1024x683.webp 1024w, https:\/\/premiumburotic.fr\/wp-content\/uploads\/2024\/11\/Document-Storage-Disposal-Service_shutterstock_1144449164-1-1920x1087-1-1-300x200.webp 300w, https:\/\/premiumburotic.fr\/wp-content\/uploads\/2024\/11\/Document-Storage-Disposal-Service_shutterstock_1144449164-1-1920x1087-1-1-768x512.webp 768w, https:\/\/premiumburotic.fr\/wp-content\/uploads\/2024\/11\/Document-Storage-Disposal-Service_shutterstock_1144449164-1-1920x1087-1-1-1536x1025.webp 1536w, https:\/\/premiumburotic.fr\/wp-content\/uploads\/2024\/11\/Document-Storage-Disposal-Service_shutterstock_1144449164-1-1920x1087-1-1.webp 1601w\" sizes=\"(max-width: 640px) 100vw, 640px\" \/>\t\t\t\t\t\t\t\t\t\t\t\t\t<\/div>\n\t\t\t\t<\/div>\n\t\t\t\t<div class=\"elementor-element elementor-element-a68188c elementor-widget elementor-widget-ct_heading\" data-id=\"a68188c\" data-element_type=\"widget\" data-widget_type=\"ct_heading.default\">\n\t\t\t\t<div class=\"elementor-widget-container\">\n\t\t\t<div class=\"ct-heading h-align-center  sub-style1 ct-heading-left item-st-default\">\r\n\t    <h4 class=\"item--title st-default \" data-wow-delay=\"ms\">\r\n                <span class=\"sp-main\">\r\n            \r\n            Gestion et solution documentaire\r\n            \r\n                    <\/span>\r\n            <\/h4>\r\n<\/div>\t\t<\/div>\n\t\t\t\t<\/div>\n\t\t\t\t<div class=\"elementor-element elementor-element-2d2d5e8 elementor-widget elementor-widget-text-editor\" data-id=\"2d2d5e8\" data-element_type=\"widget\" data-widget_type=\"text-editor.default\">\n\t\t\t\t<div class=\"elementor-widget-container\">\n\t\t\t\t\t\t\t<p>Nos solutions et gestion de documents rationalisent vos processus m\u00e9tier en num\u00e9risant, en organisant et en automatisant les flux de travail documentaires. Nous vous aidons \u00e0 am\u00e9liorer l\u2019efficacit\u00e9, \u00e0 r\u00e9duire les co\u00fbts et \u00e0 garantir un acc\u00e8s s\u00e9curis\u00e9 et facile \u00e0 vos informations critiques.<\/p>\t\t\t\t\t\t<\/div>\n\t\t\t\t<\/div>\n\t\t\t\t<div class=\"elementor-element elementor-element-78d85fe elementor-align-center elementor-widget elementor-widget-ct_button\" data-id=\"78d85fe\" data-element_type=\"widget\" data-widget_type=\"ct_button.default\">\n\t\t\t\t<div class=\"elementor-widget-container\">\n\t\t\t<div class=\"ct-button-wrapper ct-button-layout1 icon- btn--inline \">\r\n            <span class=\"ct-icon-active\"><\/span>\r\n        <a href=\"https:\/\/premiumburotic.fr\/index.php\/contact-v-4\/\" class=\"btn btn-default icon-active btn-inline-block  \" data-wow-delay=\"ms\">\r\n                            <span class=\"ct-button-icon ct-align-icon-\">\r\n                            <\/span>\r\n                <span class=\"ct-button-text\">Contactez-nous aujourd&#039;hui<\/span>\r\n    <\/a>\r\n<\/div>\t\t<\/div>\n\t\t\t\t<\/div>\n\t\t            <\/div>\n        <\/div>\n                <div class=\"elementor-column elementor-col-33 elementor-top-column elementor-element elementor-element-92e6fc3 elementor-invisible\" data-id=\"92e6fc3\" data-element_type=\"column\" data-settings=\"{&quot;animation&quot;:&quot;zoomIn&quot;,&quot;background_background&quot;:&quot;classic&quot;}\">\n        <div class=\"elementor-widget-wrap elementor-element-populated\">\n                    \n        \t\t<div class=\"elementor-element elementor-element-3ee2496 elementor-widget elementor-widget-image\" data-id=\"3ee2496\" data-element_type=\"widget\" data-widget_type=\"image.default\">\n\t\t\t\t<div class=\"elementor-widget-container\">\n\t\t\t\t\t\t\t\t\t\t\t\t\t<img decoding=\"async\" width=\"640\" height=\"427\" src=\"https:\/\/premiumburotic.fr\/wp-content\/uploads\/2024\/11\/ICT_Network_Security-1024x683.jpg\" class=\"attachment-large size-large wp-image-5422\" alt=\"\" srcset=\"https:\/\/premiumburotic.fr\/wp-content\/uploads\/2024\/11\/ICT_Network_Security-1024x683.jpg 1024w, https:\/\/premiumburotic.fr\/wp-content\/uploads\/2024\/11\/ICT_Network_Security-300x200.jpg 300w, https:\/\/premiumburotic.fr\/wp-content\/uploads\/2024\/11\/ICT_Network_Security-768x512.jpg 768w, https:\/\/premiumburotic.fr\/wp-content\/uploads\/2024\/11\/ICT_Network_Security.jpg 1500w\" sizes=\"(max-width: 640px) 100vw, 640px\" \/>\t\t\t\t\t\t\t\t\t\t\t\t\t<\/div>\n\t\t\t\t<\/div>\n\t\t\t\t<div class=\"elementor-element elementor-element-9b49066 elementor-widget elementor-widget-ct_heading\" data-id=\"9b49066\" data-element_type=\"widget\" data-widget_type=\"ct_heading.default\">\n\t\t\t\t<div class=\"elementor-widget-container\">\n\t\t\t<div class=\"ct-heading h-align-center  sub-style1 ct-heading-left item-st-default\">\r\n\t    <h4 class=\"item--title st-default \" data-wow-delay=\"ms\">\r\n                <span class=\"sp-main\">\r\n            \r\n            T\u00e9l\u00e9coms et acc\u00e8s internet\n\n\r\n            \r\n                    <\/span>\r\n            <\/h4>\r\n<\/div>\t\t<\/div>\n\t\t\t\t<\/div>\n\t\t\t\t<div class=\"elementor-element elementor-element-691a939 elementor-widget elementor-widget-text-editor\" data-id=\"691a939\" data-element_type=\"widget\" data-widget_type=\"text-editor.default\">\n\t\t\t\t<div class=\"elementor-widget-container\">\n\t\t\t\t\t\t\t<p>Nous fournissons des solutions de t\u00e9l\u00e9communications et d&#8217;acc\u00e8s Internet fiables pour que votre entreprise reste connect\u00e9e et fonctionne correctement. De l\u2019Internet haut d\u00e9bit aux syst\u00e8mes de t\u00e9l\u00e9communications avanc\u00e9s, nous garantissons une communication et une connectivit\u00e9 transparentes.<\/p>\t\t\t\t\t\t<\/div>\n\t\t\t\t<\/div>\n\t\t\t\t<div class=\"elementor-element elementor-element-8ea224f elementor-align-center elementor-widget elementor-widget-ct_button\" data-id=\"8ea224f\" data-element_type=\"widget\" data-widget_type=\"ct_button.default\">\n\t\t\t\t<div class=\"elementor-widget-container\">\n\t\t\t<div class=\"ct-button-wrapper ct-button-layout1 icon- btn--inline \">\r\n            <span class=\"ct-icon-active\"><\/span>\r\n        <a href=\"https:\/\/premiumburotic.fr\/index.php\/contact-v-4\/\" class=\"btn btn-default icon-active btn-inline-block  \" data-wow-delay=\"ms\">\r\n                            <span class=\"ct-button-icon ct-align-icon-\">\r\n                            <\/span>\r\n                <span class=\"ct-button-text\">Contactez-nous aujourd&#039;hui<\/span>\r\n    <\/a>\r\n<\/div>\t\t<\/div>\n\t\t\t\t<\/div>\n\t\t            <\/div>\n        <\/div>\n                    <\/div>\n        <\/section>\n                <section class=\"elementor-section elementor-top-section elementor-element elementor-element-3c01805 elementor-section-stretched elementor-section-boxed elementor-section-height-default elementor-section-height-default ct-header-fixed-none ct-row-max-none\" data-id=\"3c01805\" data-element_type=\"section\" data-settings=\"{&quot;stretch_section&quot;:&quot;section-stretched&quot;,&quot;background_background&quot;:&quot;classic&quot;}\">\n            \n                        <div class=\"elementor-container elementor-column-gap-narrow \">\n                    <div class=\"elementor-column elementor-col-33 elementor-top-column elementor-element elementor-element-9e4f634 elementor-invisible\" data-id=\"9e4f634\" data-element_type=\"column\" data-settings=\"{&quot;animation&quot;:&quot;zoomIn&quot;,&quot;background_background&quot;:&quot;classic&quot;}\">\n        <div class=\"elementor-widget-wrap elementor-element-populated\">\n                    \n        \t\t<div class=\"elementor-element elementor-element-28dd5f1 elementor-widget elementor-widget-image\" data-id=\"28dd5f1\" data-element_type=\"widget\" data-widget_type=\"image.default\">\n\t\t\t\t<div class=\"elementor-widget-container\">\n\t\t\t\t\t\t\t\t\t\t\t\t\t<img loading=\"lazy\" decoding=\"async\" width=\"480\" height=\"320\" src=\"https:\/\/premiumburotic.fr\/wp-content\/uploads\/2024\/11\/i-2024-11-21T075154.635-1.webp\" class=\"attachment-large size-large wp-image-5429\" alt=\"\" srcset=\"https:\/\/premiumburotic.fr\/wp-content\/uploads\/2024\/11\/i-2024-11-21T075154.635-1.webp 480w, https:\/\/premiumburotic.fr\/wp-content\/uploads\/2024\/11\/i-2024-11-21T075154.635-1-300x200.webp 300w\" sizes=\"(max-width: 480px) 100vw, 480px\" \/>\t\t\t\t\t\t\t\t\t\t\t\t\t<\/div>\n\t\t\t\t<\/div>\n\t\t\t\t<div class=\"elementor-element elementor-element-68abb3b elementor-widget elementor-widget-ct_heading\" data-id=\"68abb3b\" data-element_type=\"widget\" data-widget_type=\"ct_heading.default\">\n\t\t\t\t<div class=\"elementor-widget-container\">\n\t\t\t<div class=\"ct-heading h-align-center  sub-style1 ct-heading-left item-st-default\">\r\n\t    <h4 class=\"item--title st-default \" data-wow-delay=\"ms\">\r\n                <span class=\"sp-main\">\r\n            \r\n            Infog\u00e9rance et mat\u00e9riel informatique\n\n\r\n            \r\n                    <\/span>\r\n            <\/h4>\r\n<\/div>\t\t<\/div>\n\t\t\t\t<\/div>\n\t\t\t\t<div class=\"elementor-element elementor-element-e910e15 elementor-widget elementor-widget-text-editor\" data-id=\"e910e15\" data-element_type=\"widget\" data-widget_type=\"text-editor.default\">\n\t\t\t\t<div class=\"elementor-widget-container\">\n\t\t\t\t\t\t\t<p>Nous proposons des services experts d\u2019externalisation et de mat\u00e9riel informatique pour optimiser vos op\u00e9rations commerciales et r\u00e9duire les co\u00fbts. Du support informatique \u00e0 l\u2019achat et \u00e0 la gestion du mat\u00e9riel, nous fournissons des solutions fiables et \u00e9volutives adapt\u00e9es \u00e0 vos besoins.<\/p>\t\t\t\t\t\t<\/div>\n\t\t\t\t<\/div>\n\t\t\t\t<div class=\"elementor-element elementor-element-0213350 elementor-align-center elementor-widget elementor-widget-ct_button\" data-id=\"0213350\" data-element_type=\"widget\" data-widget_type=\"ct_button.default\">\n\t\t\t\t<div class=\"elementor-widget-container\">\n\t\t\t<div class=\"ct-button-wrapper ct-button-layout1 icon- btn--inline \">\r\n            <span class=\"ct-icon-active\"><\/span>\r\n        <a href=\"https:\/\/premiumburotic.fr\/index.php\/contact-v-4\/\" class=\"btn btn-default icon-active btn-inline-block  \" data-wow-delay=\"ms\">\r\n                            <span class=\"ct-button-icon ct-align-icon-\">\r\n                            <\/span>\r\n                <span class=\"ct-button-text\">Contactez-nous aujourd&#039;hui<\/span>\r\n    <\/a>\r\n<\/div>\t\t<\/div>\n\t\t\t\t<\/div>\n\t\t            <\/div>\n        <\/div>\n                <div class=\"elementor-column elementor-col-33 elementor-top-column elementor-element elementor-element-a26ff89 elementor-invisible\" data-id=\"a26ff89\" data-element_type=\"column\" data-settings=\"{&quot;animation&quot;:&quot;zoomIn&quot;,&quot;background_background&quot;:&quot;classic&quot;}\">\n        <div class=\"elementor-widget-wrap elementor-element-populated\">\n                    \n        \t\t<div class=\"elementor-element elementor-element-a75ebc0 elementor-widget elementor-widget-image\" data-id=\"a75ebc0\" data-element_type=\"widget\" data-widget_type=\"image.default\">\n\t\t\t\t<div class=\"elementor-widget-container\">\n\t\t\t\t\t\t\t\t\t\t\t\t\t<img loading=\"lazy\" decoding=\"async\" width=\"480\" height=\"320\" src=\"https:\/\/premiumburotic.fr\/wp-content\/uploads\/2024\/11\/i-2024-11-21T075417.464.webp\" class=\"attachment-large size-large wp-image-5428\" alt=\"\" srcset=\"https:\/\/premiumburotic.fr\/wp-content\/uploads\/2024\/11\/i-2024-11-21T075417.464.webp 480w, https:\/\/premiumburotic.fr\/wp-content\/uploads\/2024\/11\/i-2024-11-21T075417.464-300x200.webp 300w\" sizes=\"(max-width: 480px) 100vw, 480px\" \/>\t\t\t\t\t\t\t\t\t\t\t\t\t<\/div>\n\t\t\t\t<\/div>\n\t\t\t\t<div class=\"elementor-element elementor-element-0baca21 elementor-widget elementor-widget-ct_heading\" data-id=\"0baca21\" data-element_type=\"widget\" data-widget_type=\"ct_heading.default\">\n\t\t\t\t<div class=\"elementor-widget-container\">\n\t\t\t<div class=\"ct-heading h-align-center  sub-style1 ct-heading-left item-st-default\">\r\n\t    <h4 class=\"item--title st-default \" data-wow-delay=\"ms\">\r\n                <span class=\"sp-main\">\r\n            \r\n            S\u00e9curit\u00e9 des biens et des personnes\n\n\r\n            \r\n                    <\/span>\r\n            <\/h4>\r\n<\/div>\t\t<\/div>\n\t\t\t\t<\/div>\n\t\t\t\t<div class=\"elementor-element elementor-element-718e43b elementor-widget elementor-widget-text-editor\" data-id=\"718e43b\" data-element_type=\"widget\" data-widget_type=\"text-editor.default\">\n\t\t\t\t<div class=\"elementor-widget-container\">\n\t\t\t\t\t\t\t<p>Nous proposons des solutions compl\u00e8tes de s\u00e9curit\u00e9 des biens et des personnes pour assurer la s\u00e9curit\u00e9 de vos actifs et de vos collaborateurs. Des syst\u00e8mes de surveillance au contr\u00f4le d\u2019acc\u00e8s, nous offrons une protection fiable et une tranquillit\u00e9 d\u2019esprit.<\/p>\t\t\t\t\t\t<\/div>\n\t\t\t\t<\/div>\n\t\t\t\t<div class=\"elementor-element elementor-element-bc64918 elementor-align-center elementor-widget elementor-widget-ct_button\" data-id=\"bc64918\" data-element_type=\"widget\" data-widget_type=\"ct_button.default\">\n\t\t\t\t<div class=\"elementor-widget-container\">\n\t\t\t<div class=\"ct-button-wrapper ct-button-layout1 icon- btn--inline \">\r\n            <span class=\"ct-icon-active\"><\/span>\r\n        <a href=\"https:\/\/premiumburotic.fr\/index.php\/contact-v-4\/\" class=\"btn btn-default icon-active btn-inline-block  \" data-wow-delay=\"ms\">\r\n                            <span class=\"ct-button-icon ct-align-icon-\">\r\n                            <\/span>\r\n                <span class=\"ct-button-text\">Contactez-nous aujourd&#039;hui<\/span>\r\n    <\/a>\r\n<\/div>\t\t<\/div>\n\t\t\t\t<\/div>\n\t\t            <\/div>\n        <\/div>\n                <div class=\"elementor-column elementor-col-33 elementor-top-column elementor-element elementor-element-5fc75b2 elementor-invisible\" data-id=\"5fc75b2\" data-element_type=\"column\" data-settings=\"{&quot;animation&quot;:&quot;zoomIn&quot;,&quot;background_background&quot;:&quot;classic&quot;}\">\n        <div class=\"elementor-widget-wrap elementor-element-populated\">\n                    \n        \t\t<div class=\"elementor-element elementor-element-4ee8695 elementor-widget elementor-widget-image\" data-id=\"4ee8695\" data-element_type=\"widget\" data-widget_type=\"image.default\">\n\t\t\t\t<div class=\"elementor-widget-container\">\n\t\t\t\t\t\t\t\t\t\t\t\t\t<img loading=\"lazy\" decoding=\"async\" width=\"480\" height=\"320\" src=\"https:\/\/premiumburotic.fr\/wp-content\/uploads\/2024\/11\/i-2024-11-21T075644.686.webp\" class=\"attachment-large size-large wp-image-5430\" alt=\"\" srcset=\"https:\/\/premiumburotic.fr\/wp-content\/uploads\/2024\/11\/i-2024-11-21T075644.686.webp 480w, https:\/\/premiumburotic.fr\/wp-content\/uploads\/2024\/11\/i-2024-11-21T075644.686-300x200.webp 300w\" sizes=\"(max-width: 480px) 100vw, 480px\" \/>\t\t\t\t\t\t\t\t\t\t\t\t\t<\/div>\n\t\t\t\t<\/div>\n\t\t\t\t<div class=\"elementor-element elementor-element-5a90349 elementor-widget elementor-widget-ct_heading\" data-id=\"5a90349\" data-element_type=\"widget\" data-widget_type=\"ct_heading.default\">\n\t\t\t\t<div class=\"elementor-widget-container\">\n\t\t\t<div class=\"ct-heading h-align-center  sub-style1 ct-heading-left item-st-default\">\r\n\t    <h4 class=\"item--title st-default \" data-wow-delay=\"ms\">\r\n                <span class=\"sp-main\">\r\n            \r\n            Multifonctions de communication\n\n\n\r\n            \r\n                    <\/span>\r\n            <\/h4>\r\n<\/div>\t\t<\/div>\n\t\t\t\t<\/div>\n\t\t\t\t<div class=\"elementor-element elementor-element-6e88b4f elementor-widget elementor-widget-text-editor\" data-id=\"6e88b4f\" data-element_type=\"widget\" data-widget_type=\"text-editor.default\">\n\t\t\t\t<div class=\"elementor-widget-container\">\n\t\t\t\t\t\t\t<p>Nous proposons des solutions avanc\u00e9es de communication multifonctions pour am\u00e9liorer la collaboration et la productivit\u00e9. Nos services int\u00e8grent la voix, la vid\u00e9o et les donn\u00e9es, rationalisant ainsi la communication au sein de votre organisation.<\/p>\t\t\t\t\t\t<\/div>\n\t\t\t\t<\/div>\n\t\t\t\t<div class=\"elementor-element elementor-element-506e3cc elementor-align-center elementor-widget elementor-widget-ct_button\" data-id=\"506e3cc\" data-element_type=\"widget\" data-widget_type=\"ct_button.default\">\n\t\t\t\t<div class=\"elementor-widget-container\">\n\t\t\t<div class=\"ct-button-wrapper ct-button-layout1 icon- btn--inline \">\r\n            <span class=\"ct-icon-active\"><\/span>\r\n        <a href=\"https:\/\/premiumburotic.fr\/index.php\/contact-v-4\/\" class=\"btn btn-default icon-active btn-inline-block  \" data-wow-delay=\"ms\">\r\n                            <span class=\"ct-button-icon ct-align-icon-\">\r\n                            <\/span>\r\n                <span class=\"ct-button-text\">Contactez-nous aujourd&#039;hui<\/span>\r\n    <\/a>\r\n<\/div>\t\t<\/div>\n\t\t\t\t<\/div>\n\t\t            <\/div>\n        <\/div>\n                    <\/div>\n        <\/section>\n        \t\t<\/div>\n\t\t","protected":false},"excerpt":{"rendered":"<p>Impression Nos services d&#8217;impression fournissent des solutions d&#8217;impression personnalis\u00e9es de haute qualit\u00e9 qui aident votre marque \u00e0 avoir un impact durable. Des cartes de visite aux pr\u00e9sentoirs grand format, nous veillons \u00e0 ce que chaque impression refl\u00e8te le professionnalisme et la vision de votre marque. Contactez-nous aujourd&#039;hui Gestion et solution documentaire Nos solutions et gestion [&hellip;]<\/p>\n","protected":false},"author":2,"featured_media":0,"parent":0,"menu_order":0,"comment_status":"closed","ping_status":"closed","template":"","meta":{"footnotes":""},"class_list":["post-409","page","type-page","status-publish","hentry"],"aioseo_notices":[],"_links":{"self":[{"href":"https:\/\/premiumburotic.fr\/index.php\/wp-json\/wp\/v2\/pages\/409","targetHints":{"allow":["GET"]}}],"collection":[{"href":"https:\/\/premiumburotic.fr\/index.php\/wp-json\/wp\/v2\/pages"}],"about":[{"href":"https:\/\/premiumburotic.fr\/index.php\/wp-json\/wp\/v2\/types\/page"}],"author":[{"embeddable":true,"href":"https:\/\/premiumburotic.fr\/index.php\/wp-json\/wp\/v2\/users\/2"}],"replies":[{"embeddable":true,"href":"https:\/\/premiumburotic.fr\/index.php\/wp-json\/wp\/v2\/comments?post=409"}],"version-history":[{"count":11,"href":"https:\/\/premiumburotic.fr\/index.php\/wp-json\/wp\/v2\/pages\/409\/revisions"}],"predecessor-version":[{"id":5541,"href":"https:\/\/premiumburotic.fr\/index.php\/wp-json\/wp\/v2\/pages\/409\/revisions\/5541"}],"wp:attachment":[{"href":"https:\/\/premiumburotic.fr\/index.php\/wp-json\/wp\/v2\/media?parent=409"}],"curies":[{"name":"wp","href":"https:\/\/api.w.org\/{rel}","templated":true}]}}