{"id":3495,"date":"2020-02-07T02:16:59","date_gmt":"2020-02-07T02:16:59","guid":{"rendered":"https:\/\/demo.casethemes.net\/consultio-corporate2\/?page_id=3495"},"modified":"2024-12-17T10:20:18","modified_gmt":"2024-12-17T10:20:18","slug":"about-v-4","status":"publish","type":"page","link":"https:\/\/premiumburotic.fr\/index.php\/about-v-4\/","title":{"rendered":"Notre Entreprise"},"content":{"rendered":"\t\t<div data-elementor-type=\"wp-page\" data-elementor-id=\"3495\" class=\"elementor elementor-3495\" data-elementor-post-type=\"page\">\n\t\t\t\t        <section class=\"elementor-section elementor-top-section elementor-element elementor-element-bca8448 elementor-section-stretched elementor-section-boxed elementor-section-height-default elementor-section-height-default ct-header-fixed-none ct-row-max-none\" data-id=\"bca8448\" data-element_type=\"section\" data-settings=\"{&quot;stretch_section&quot;:&quot;section-stretched&quot;}\">\n            \n                        <div class=\"elementor-container elementor-column-gap-extended \">\n                    <div class=\"elementor-column elementor-col-100 elementor-top-column elementor-element elementor-element-8630a61\" data-id=\"8630a61\" data-element_type=\"column\">\n        <div class=\"elementor-widget-wrap elementor-element-populated\">\n                    \n        \t\t<div class=\"elementor-element elementor-element-12e6001 elementor-widget elementor-widget-ct_particle_animate\" data-id=\"12e6001\" data-element_type=\"widget\" data-widget_type=\"ct_particle_animate.default\">\n\t\t\t\t<div class=\"elementor-widget-container\">\n\t\t\t\t<div class=\"ct-particle-animate el-move-parents\">\r\n\t\t\t\t    <div id=\"ct_particle_animate-12e60010\" class=\"animate-none \"  data-wow-delay=\"ms\">\r\n\t\t    \t<div class=\"ct-inline-css\"  data-css=\"\r\n\t\t            .ct-particle-animate #ct_particle_animate-12e60010 {\r\n\t\t                left: 13px;\r\n\t\t                top: 34px;\r\n\t\t            }\">\r\n\t\t        <\/div>\r\n\t\t    \t<img decoding=\"async\" width=\"165\" height=\"278\" src=\"https:\/\/premiumburotic.fr\/wp-content\/uploads\/2020\/02\/about4-shape1.png\" class=\"attachment-full\" alt=\"\" \/>\t\t\r\n\t\t    <\/div>\r\n\t\t\t<\/div>\r\n\t\t<\/div>\n\t\t\t\t<\/div>\n\t\t        <section class=\"elementor-section elementor-inner-section elementor-element elementor-element-942af5f elementor-section-boxed elementor-section-height-default elementor-section-height-default ct-header-fixed-none ct-row-max-none\" data-id=\"942af5f\" data-element_type=\"section\">\n            \n                        <div class=\"elementor-container elementor-column-gap-extended \">\n                    <div class=\"elementor-column elementor-col-50 elementor-inner-column elementor-element elementor-element-80813fd\" data-id=\"80813fd\" data-element_type=\"column\">\n        <div class=\"elementor-widget-wrap elementor-element-populated\">\n                    \n        \t\t<div class=\"elementor-element elementor-element-a3c8047 elementor-widget elementor-widget-image\" data-id=\"a3c8047\" data-element_type=\"widget\" data-widget_type=\"image.default\">\n\t\t\t\t<div class=\"elementor-widget-container\">\n\t\t\t<style>\/*! elementor - v3.23.0 - 05-08-2024 *\/\n.elementor-widget-image{text-align:center}.elementor-widget-image a{display:inline-block}.elementor-widget-image a img[src$=\".svg\"]{width:48px}.elementor-widget-image img{vertical-align:middle;display:inline-block}<\/style>\t\t\t\t\t\t\t\t\t\t<img fetchpriority=\"high\" decoding=\"async\" width=\"450\" height=\"450\" src=\"https:\/\/premiumburotic.fr\/wp-content\/uploads\/2024\/11\/technicien-ordinateur-travail-entreprise-450x450.jpg.webp\" class=\"attachment-full size-full wp-image-5350\" alt=\"\" srcset=\"https:\/\/premiumburotic.fr\/wp-content\/uploads\/2024\/11\/technicien-ordinateur-travail-entreprise-450x450.jpg.webp 450w, https:\/\/premiumburotic.fr\/wp-content\/uploads\/2024\/11\/technicien-ordinateur-travail-entreprise-450x450.jpg-300x300.webp 300w, https:\/\/premiumburotic.fr\/wp-content\/uploads\/2024\/11\/technicien-ordinateur-travail-entreprise-450x450.jpg-150x150.webp 150w\" sizes=\"(max-width: 450px) 100vw, 450px\" \/>\t\t\t\t\t\t\t\t\t\t\t\t\t<\/div>\n\t\t\t\t<\/div>\n\t\t            <\/div>\n        <\/div>\n                <div class=\"elementor-column elementor-col-50 elementor-inner-column elementor-element elementor-element-f269e39 elementor-invisible\" data-id=\"f269e39\" data-element_type=\"column\" data-settings=\"{&quot;background_background&quot;:&quot;classic&quot;,&quot;animation&quot;:&quot;fadeInRight&quot;}\">\n        <div class=\"elementor-widget-wrap elementor-element-populated\">\n                    \n        \t\t<div class=\"elementor-element elementor-element-39ccfa7 elementor-widget elementor-widget-ct_text_editor\" data-id=\"39ccfa7\" data-element_type=\"widget\" data-widget_type=\"ct_text_editor.default\">\n\t\t\t\t<div class=\"elementor-widget-container\">\n\t\t\t<div id=\"ct_text_editor-39ccfa7\" class=\"ct-text-editor \" data-wow-delay=\"ms\">\n\t<div class=\"ct-inline-css\"  data-css=\"\n        \t\t\">\n\n    <\/div>\n\t<div class=\"ct-text-editor elementor-clearfix\">\n\t\t<p>Chez Premium Burotic, nous nous engageons \u00e0 fournir des solutions digitales compl\u00e8tes et multifonctionnelles qui permettent aux entreprises de rationaliser leurs <span class=\"BxUVEf ILfuVd\" lang=\"fr\"><span class=\"hgKElc\"><b>co\u00fbts<\/b><\/span><\/span> et leur permettre de se concentrer sur leurs m\u00e9tiers. Avec une gamme diversifi\u00e9e de services.<\/p><p>Chez Premium Burotic, nous nous concentrons sur la fourniture de solutions\u00a0 sur mesure qui simplifie le quotidien\u00a0 de nos clients. Que vous cherchiez \u00e0 am\u00e9liorer votre infrastructure de\u00a0 t\u00e9l\u00e9communication, \u00e0 optimiser vos flux de documents , \u00e0 prot\u00e9ger vos don\u00e9es, ou a optimiser vos syst\u00e8mes d&#8217;impressions. Nous sommes votre partenaire de confiance pour des solutions\u00a0\u00a0 \u00e9conomique, innovantes, fiables et s\u00e9curis\u00e9es.<\/p>\t\t\n\t<\/div>\n<\/div>\t\t<\/div>\n\t\t\t\t<\/div>\n\t\t            <\/div>\n        <\/div>\n                    <\/div>\n        <\/section>\n                    <\/div>\n        <\/div>\n                    <\/div>\n        <\/section>\n                <section class=\"elementor-section elementor-top-section elementor-element elementor-element-4ec69e7 elementor-section-boxed elementor-section-height-default elementor-section-height-default ct-header-fixed-none ct-row-max-none\" data-id=\"4ec69e7\" data-element_type=\"section\">\n            \n                        <div class=\"elementor-container elementor-column-gap-default \">\n                    <div class=\"elementor-column elementor-col-100 elementor-top-column elementor-element elementor-element-4d85e00\" data-id=\"4d85e00\" data-element_type=\"column\">\n        <div class=\"elementor-widget-wrap elementor-element-populated\">\n                    \n        \t\t<div class=\"elementor-element elementor-element-0d39cf4 elementor-widget elementor-widget-spacer\" data-id=\"0d39cf4\" data-element_type=\"widget\" data-widget_type=\"spacer.default\">\n\t\t\t\t<div class=\"elementor-widget-container\">\n\t\t\t<style>\/*! elementor - v3.23.0 - 05-08-2024 *\/\n.elementor-column .elementor-spacer-inner{height:var(--spacer-size)}.e-con{--container-widget-width:100%}.e-con-inner>.elementor-widget-spacer,.e-con>.elementor-widget-spacer{width:var(--container-widget-width,var(--spacer-size));--align-self:var(--container-widget-align-self,initial);--flex-shrink:0}.e-con-inner>.elementor-widget-spacer>.elementor-widget-container,.e-con>.elementor-widget-spacer>.elementor-widget-container{height:100%;width:100%}.e-con-inner>.elementor-widget-spacer>.elementor-widget-container>.elementor-spacer,.e-con>.elementor-widget-spacer>.elementor-widget-container>.elementor-spacer{height:100%}.e-con-inner>.elementor-widget-spacer>.elementor-widget-container>.elementor-spacer>.elementor-spacer-inner,.e-con>.elementor-widget-spacer>.elementor-widget-container>.elementor-spacer>.elementor-spacer-inner{height:var(--container-widget-height,var(--spacer-size))}.e-con-inner>.elementor-widget-spacer.elementor-widget-empty,.e-con>.elementor-widget-spacer.elementor-widget-empty{position:relative;min-height:22px;min-width:22px}.e-con-inner>.elementor-widget-spacer.elementor-widget-empty .elementor-widget-empty-icon,.e-con>.elementor-widget-spacer.elementor-widget-empty .elementor-widget-empty-icon{position:absolute;top:0;bottom:0;left:0;right:0;margin:auto;padding:0;width:22px;height:22px}<\/style>\t\t<div class=\"elementor-spacer\">\n\t\t\t<div class=\"elementor-spacer-inner\"><\/div>\n\t\t<\/div>\n\t\t\t\t<\/div>\n\t\t\t\t<\/div>\n\t\t            <\/div>\n        <\/div>\n                    <\/div>\n        <\/section>\n        \t\t<\/div>\n\t\t","protected":false},"excerpt":{"rendered":"<p>Chez Premium Burotic, nous nous engageons \u00e0 fournir des solutions digitales compl\u00e8tes et multifonctionnelles qui permettent aux entreprises de rationaliser leurs co\u00fbts et leur permettre de se concentrer sur leurs m\u00e9tiers. Avec une gamme diversifi\u00e9e de services. Chez Premium Burotic, nous nous concentrons sur la fourniture de solutions\u00a0 sur mesure qui simplifie le quotidien\u00a0 de [&hellip;]<\/p>\n","protected":false},"author":2,"featured_media":0,"parent":0,"menu_order":0,"comment_status":"closed","ping_status":"closed","template":"","meta":{"footnotes":""},"class_list":["post-3495","page","type-page","status-publish","hentry"],"aioseo_notices":[],"_links":{"self":[{"href":"https:\/\/premiumburotic.fr\/index.php\/wp-json\/wp\/v2\/pages\/3495","targetHints":{"allow":["GET"]}}],"collection":[{"href":"https:\/\/premiumburotic.fr\/index.php\/wp-json\/wp\/v2\/pages"}],"about":[{"href":"https:\/\/premiumburotic.fr\/index.php\/wp-json\/wp\/v2\/types\/page"}],"author":[{"embeddable":true,"href":"https:\/\/premiumburotic.fr\/index.php\/wp-json\/wp\/v2\/users\/2"}],"replies":[{"embeddable":true,"href":"https:\/\/premiumburotic.fr\/index.php\/wp-json\/wp\/v2\/comments?post=3495"}],"version-history":[{"count":16,"href":"https:\/\/premiumburotic.fr\/index.php\/wp-json\/wp\/v2\/pages\/3495\/revisions"}],"predecessor-version":[{"id":5543,"href":"https:\/\/premiumburotic.fr\/index.php\/wp-json\/wp\/v2\/pages\/3495\/revisions\/5543"}],"wp:attachment":[{"href":"https:\/\/premiumburotic.fr\/index.php\/wp-json\/wp\/v2\/media?parent=3495"}],"curies":[{"name":"wp","href":"https:\/\/api.w.org\/{rel}","templated":true}]}}